{"id":163,"date":"2020-05-31T19:08:03","date_gmt":"2020-05-31T17:08:03","guid":{"rendered":"http:\/\/amphibiantails.fr\/?page_id=163"},"modified":"2022-01-22T23:39:16","modified_gmt":"2022-01-22T22:39:16","slug":"2021-2","status":"publish","type":"page","link":"https:\/\/amphibiantails.fr\/?page_id=163","title":{"rendered":"Ponte d&rsquo;octobre 2021"},"content":{"rendered":"\n<p>Les \u0153ufs de cette ponte ont \u00e9t\u00e9 pondus le 21\/09\/2021 et larves ont \u00e9clos le 06\/10\/2021.<\/p>\n\n\n\n<p>De nombreuses couleurs en sont ressorties dont voici la liste : leucistique, m\u00e9lanique, copper, axanthique, leucistique copper, m\u00e9lanique blanc, axanthique blanc, m\u00e9lanique copper, m\u00e9lanique axanthique, copper axanthique, m\u00e9lanique axanthique copper (MAC) et leucistique axanthique copper, mosa\u00efques.<\/p>\n\n\n\n<p>Les couleurs suivantes ont \u00e9t\u00e9 \u00e9lev\u00e9es : copper, axanthique, axanthique copper, MAC, m\u00e9lanique copper, m\u00e9lanique, mosa\u00efque.<\/p>\n\n\n\n<p>L&rsquo;histoire du projet de cette ponte a commenc\u00e9 en 2017. Le but \u00e9tait d&rsquo;obtenir des axanthiques copper avec le moins de consanguinit\u00e9 possible \u00e0 l&rsquo;aide de 2 copper et de 2 axanthiques. Apr\u00e8s de nombreux probl\u00e8mes notamment trouver les bons reproducteurs et des probl\u00e8mes de sant\u00e9, cet objectif n&rsquo;a malheureusement pas pu \u00eatre atteint. Voici, par cons\u00e9quent, leur arbre g\u00e9n\u00e9alogique : <\/p>\n\n\n\n<figure class=\"wp-block-image size-large\"><img loading=\"lazy\" width=\"1024\" height=\"576\" src=\"http:\/\/amphibiantails.fr\/wp-content\/uploads\/2021\/11\/arbre-g\u00e9n\u00e9alogique-axolotl-1024x576.png\" alt=\"\" class=\"wp-image-334\" srcset=\"https:\/\/amphibiantails.fr\/wp-content\/uploads\/2021\/11\/arbre-g\u00e9n\u00e9alogique-axolotl-1024x576.png 1024w, https:\/\/amphibiantails.fr\/wp-content\/uploads\/2021\/11\/arbre-g\u00e9n\u00e9alogique-axolotl-300x169.png 300w, https:\/\/amphibiantails.fr\/wp-content\/uploads\/2021\/11\/arbre-g\u00e9n\u00e9alogique-axolotl-768x432.png 768w, https:\/\/amphibiantails.fr\/wp-content\/uploads\/2021\/11\/arbre-g\u00e9n\u00e9alogique-axolotl.png 1058w\" sizes=\"(max-width: 1024px) 100vw, 1024px\" \/><figcaption>Arbre g\u00e9n\u00e9alogique de cette ponte<\/figcaption><\/figure>\n\n\n\n<p>Un copper m\u00e2le et une axanthique femelle sont les uniques grands-parents. Les parents sont des sauvages tous fr\u00e8res et s\u0153urs. Les parents forment un groupe de 6 individus compos\u00e9s de 4 m\u00e2les et de 2 femelles. \u00c9tant donn\u00e9 la taille cons\u00e9quente de cette ponte et quelques autres indices, il est s\u00fbr que les \u0153ufs proviennent des deux femelles et non d&rsquo;une des deux seulement.<\/p>\n\n\n\n<section id=\"section-b038d3f8-7ca6-426c-9de7-65dd62fa0e68\" class=\"wp-block-gutentor-gallery gutentor-section gutentor-gallery gutentor-gallery-wrapper enable-masonry gallery-template1\"><div class=\"grid-container\"><div class=\"gutentor-block-header\"><div class=\"gutentor-section-title enable-title-design seperator-bottom text-center\"><h2 class=\"gutentor-title\">Photos des parents et grands-parents<\/h2><\/div><\/div><div class=\"grid-row gutentor-grid-item-wrap full-width-row\"><div class=\"gutentor-gallery-item grid-lg-4 grid-md-4 grid-12\"><div class=\"gutentor-single-item gutentor-image gutentor-single-item-0\"><div class=\"gutentor-gallery-item-wrap\"><div class=\"gutentor-single-item-image-box\"><div class=\"gutentor-image-thumb\"><img class=\"normal-image\" src=\"http:\/\/amphibiantails.fr\/wp-content\/uploads\/2021\/11\/IMG_20210819_161903.jpg\" alt=\"\"\/><\/div><\/div><div class=\"gutentor-single-item-content\"><div class=\"gutentor-gallery-item-header\"><h3 class=\"gutentor-single-item-title\"><\/h3><a href=\"http:\/\/amphibiantails.fr\/wp-content\/uploads\/2021\/11\/IMG_20210819_161903.jpg\" class=\"image-gallery\"><i class=\"gallery-icon fas fa-search\"><\/i><\/a><\/div><div class=\"gutentor-gallery-item-desc\"><p class=\"gutentor-single-item-desc\">Parents sauvages (Amphibiantails)<\/p><\/div><\/div><\/div><\/div><\/div><div class=\"gutentor-gallery-item grid-lg-4 grid-md-4 grid-12\"><div class=\"gutentor-single-item gutentor-image gutentor-single-item-1\"><div class=\"gutentor-gallery-item-wrap\"><div class=\"gutentor-single-item-image-box\"><div class=\"gutentor-image-thumb\"><img class=\"normal-image\" src=\"http:\/\/amphibiantails.fr\/wp-content\/uploads\/2021\/11\/20200410_171734.jpg\" alt=\"\"\/><\/div><\/div><div class=\"gutentor-single-item-content\"><div class=\"gutentor-gallery-item-header\"><h3 class=\"gutentor-single-item-title\"><\/h3><a href=\"http:\/\/amphibiantails.fr\/wp-content\/uploads\/2021\/11\/20200410_171734.jpg\" class=\"image-gallery\"><i class=\"gallery-icon fas fa-search\"><\/i><\/a><\/div><div class=\"gutentor-gallery-item-desc\"><p class=\"gutentor-single-item-desc\">Grand-p\u00e8re Copper (Nico G)<\/p><\/div><\/div><\/div><\/div><\/div><div class=\"gutentor-gallery-item grid-lg-4 grid-md-4 grid-12\"><div class=\"gutentor-single-item gutentor-image gutentor-single-item-2\"><div class=\"gutentor-gallery-item-wrap\"><div class=\"gutentor-single-item-image-box\"><div class=\"gutentor-image-thumb\"><img class=\"normal-image\" src=\"http:\/\/amphibiantails.fr\/wp-content\/uploads\/2021\/11\/20200401_170451.jpg\" alt=\"\"\/><\/div><\/div><div class=\"gutentor-single-item-content\"><div class=\"gutentor-gallery-item-header\"><h3 class=\"gutentor-single-item-title\"><\/h3><a href=\"http:\/\/amphibiantails.fr\/wp-content\/uploads\/2021\/11\/20200401_170451.jpg\" class=\"image-gallery\"><i class=\"gallery-icon fas fa-search\"><\/i><\/a><\/div><div class=\"gutentor-gallery-item-desc\"><p class=\"gutentor-single-item-desc\">Grand-m\u00e8re Axanthique (Flo Flo)<\/p><\/div><\/div><\/div><\/div><\/div><\/div><\/div><\/section>\n\n\n\n<section id=\"section-8706fd9b-abb8-4b81-9dfa-470dc8ed9b34\" class=\"wp-block-gutentor-gallery gutentor-section gutentor-gallery gutentor-gallery-wrapper enable-masonry gallery-template1\"><div class=\"grid-container\"><div class=\"gutentor-block-header\"><div class=\"gutentor-section-title enable-title-design seperator-bottom text-center\"><h2 class=\"gutentor-title\">Photos de la ponte<\/h2><\/div><\/div><div class=\"grid-row gutentor-grid-item-wrap full-width-row\"><div class=\"gutentor-gallery-item grid-lg-4 grid-md-4 grid-12\"><div class=\"gutentor-single-item gutentor-image gutentor-single-item-0\"><div class=\"gutentor-gallery-item-wrap\"><div class=\"gutentor-single-item-image-box\"><div class=\"gutentor-image-thumb\"><img class=\"normal-image\" src=\"http:\/\/amphibiantails.fr\/wp-content\/uploads\/2021\/11\/IMG_20211106_184737.jpg\" alt=\"\"\/><\/div><\/div><div class=\"gutentor-single-item-content\"><div class=\"gutentor-gallery-item-header\"><h3 class=\"gutentor-single-item-title\"><\/h3><a href=\"http:\/\/amphibiantails.fr\/wp-content\/uploads\/2021\/11\/IMG_20211106_184737.jpg\" class=\"image-gallery\"><i class=\"gallery-icon fas fa-search\"><\/i><\/a><\/div><div class=\"gutentor-gallery-item-desc\"><p class=\"gutentor-single-item-desc\">Axanthique copper<\/p><\/div><\/div><\/div><\/div><\/div><div class=\"gutentor-gallery-item grid-lg-4 grid-md-4 grid-12\"><div class=\"gutentor-single-item gutentor-image gutentor-single-item-1\"><div class=\"gutentor-gallery-item-wrap\"><div class=\"gutentor-single-item-image-box\"><div class=\"gutentor-image-thumb\"><img class=\"normal-image\" src=\"http:\/\/amphibiantails.fr\/wp-content\/uploads\/2021\/11\/IMG_20211114_143143.jpg\" alt=\"\"\/><\/div><\/div><div class=\"gutentor-single-item-content\"><div class=\"gutentor-gallery-item-header\"><h3 class=\"gutentor-single-item-title\"><\/h3><a href=\"http:\/\/amphibiantails.fr\/wp-content\/uploads\/2021\/11\/IMG_20211114_143143.jpg\" class=\"image-gallery\"><i class=\"gallery-icon fas fa-search\"><\/i><\/a><\/div><div class=\"gutentor-gallery-item-desc\"><p class=\"gutentor-single-item-desc\">Axanthique copper<\/p><\/div><\/div><\/div><\/div><\/div><div class=\"gutentor-gallery-item grid-lg-4 grid-md-4 grid-12\"><div class=\"gutentor-single-item gutentor-image gutentor-single-item-2\"><div class=\"gutentor-gallery-item-wrap\"><div class=\"gutentor-single-item-image-box\"><div class=\"gutentor-image-thumb\"><img class=\"normal-image\" src=\"http:\/\/amphibiantails.fr\/wp-content\/uploads\/2021\/11\/IMG_20211114_143232.jpg\" alt=\"\"\/><\/div><\/div><div class=\"gutentor-single-item-content\"><div class=\"gutentor-gallery-item-header\"><h3 class=\"gutentor-single-item-title\"><\/h3><a href=\"http:\/\/amphibiantails.fr\/wp-content\/uploads\/2021\/11\/IMG_20211114_143232.jpg\" class=\"image-gallery\"><i class=\"gallery-icon fas fa-search\"><\/i><\/a><\/div><div class=\"gutentor-gallery-item-desc\"><p class=\"gutentor-single-item-desc\">M\u00e9lanique axanthique<\/p><\/div><\/div><\/div><\/div><\/div><\/div><\/div><\/section>\n","protected":false},"excerpt":{"rendered":"<p>Les \u0153ufs de cette ponte ont \u00e9t\u00e9 pondus le 21\/09\/2021 et larves ont \u00e9clos le 06\/10\/2021. De nombreuses couleurs en sont ressorties dont voici la liste : leucistique, m\u00e9lanique, copper, axanthique, leucistique copper, m\u00e9lanique blanc, axanthique blanc, m\u00e9lanique copper, m\u00e9lanique axanthique, copper axanthique, m\u00e9lanique axanthique copper (MAC) et leucistique axanthique copper, mosa\u00efques. Les couleurs suivantes [&hellip;]<\/p>\n","protected":false},"author":1,"featured_media":0,"parent":0,"menu_order":0,"comment_status":"closed","ping_status":"closed","template":"","meta":[],"_links":{"self":[{"href":"https:\/\/amphibiantails.fr\/index.php?rest_route=\/wp\/v2\/pages\/163"}],"collection":[{"href":"https:\/\/amphibiantails.fr\/index.php?rest_route=\/wp\/v2\/pages"}],"about":[{"href":"https:\/\/amphibiantails.fr\/index.php?rest_route=\/wp\/v2\/types\/page"}],"author":[{"embeddable":true,"href":"https:\/\/amphibiantails.fr\/index.php?rest_route=\/wp\/v2\/users\/1"}],"replies":[{"embeddable":true,"href":"https:\/\/amphibiantails.fr\/index.php?rest_route=%2Fwp%2Fv2%2Fcomments&post=163"}],"version-history":[{"count":6,"href":"https:\/\/amphibiantails.fr\/index.php?rest_route=\/wp\/v2\/pages\/163\/revisions"}],"predecessor-version":[{"id":471,"href":"https:\/\/amphibiantails.fr\/index.php?rest_route=\/wp\/v2\/pages\/163\/revisions\/471"}],"wp:attachment":[{"href":"https:\/\/amphibiantails.fr\/index.php?rest_route=%2Fwp%2Fv2%2Fmedia&parent=163"}],"curies":[{"name":"wp","href":"https:\/\/api.w.org\/{rel}","templated":true}]}}