{"id":73,"date":"2020-05-30T16:15:58","date_gmt":"2020-05-30T14:15:58","guid":{"rendered":"http:\/\/amphibiantails.fr\/?page_id=73"},"modified":"2022-05-04T22:38:29","modified_gmt":"2022-05-04T20:38:29","slug":"tritons","status":"publish","type":"page","link":"https:\/\/amphibiantails.fr\/?page_id=73","title":{"rendered":"Le m\u00e9lanisme chez hypselotriton orientalis"},"content":{"rendered":"\n<p>Il s&rsquo;agit de la premi\u00e8re mutation clairement identifi\u00e9e qui modifie la pigmentation chez cette esp\u00e8ce.<\/p>\n\n\n\n<div class=\"wp-block-image\"><figure class=\"aligncenter size-large\"><img loading=\"lazy\" width=\"276\" height=\"258\" src=\"http:\/\/amphibiantails.fr\/wp-content\/uploads\/2020\/06\/img_0014-1.jpg\" alt=\"\" class=\"wp-image-234\"\/><figcaption>Une femelle m\u00e9lanique<\/figcaption><\/figure><\/div>\n\n\n\n<p>Le m\u00e9lanisme correspond \u00e0 une pr\u00e9sence anormale d&rsquo;une grande quantit\u00e9 de pigments noirs. C&rsquo;est une anomalie assez courante que l&rsquo;on retrouve chez beaucoup d&rsquo;esp\u00e8ces, la plus connue est la panth\u00e8re noire.<\/p>\n\n\n\n<p>Les premiers animaux m\u00e9laniques d\u00e9couverts datent de 2011. Il s&rsquo;agissait de 7 juv\u00e9niles issus d&rsquo;une reproduction d&rsquo;un \u00e9leveur. A l&rsquo;\u00e2ge adulte, il les a reproduis entre-eux et toute la descendance \u00e9tait m\u00e9lanique. A ce moment l\u00e0, il a fait plusieurs envois d&rsquo;\u0153ufs pour diss\u00e9miner un peu la souche. Je faisais partie de ces personnes. Sur 14 \u0153ufs, 9 animaux sont arriv\u00e9s \u00e0 l&rsquo;\u00e2ge adulte dont 3 pr\u00e9sentaient des malformations assez importantes mais \u00e7a ne les emp\u00eachaient pas de vivre en bonne sant\u00e9.<\/p>\n\n\n\n<div class=\"wp-block-image\"><figure class=\"aligncenter size-large\"><img loading=\"lazy\" width=\"600\" height=\"305\" src=\"http:\/\/amphibiantails.fr\/wp-content\/uploads\/2020\/06\/IMG_6267.jpg\" alt=\"\" class=\"wp-image-245\" srcset=\"https:\/\/amphibiantails.fr\/wp-content\/uploads\/2020\/06\/IMG_6267.jpg 600w, https:\/\/amphibiantails.fr\/wp-content\/uploads\/2020\/06\/IMG_6267-300x153.jpg 300w\" sizes=\"(max-width: 600px) 100vw, 600px\" \/><figcaption>Les m\u00e9laniques issus de l&rsquo;envoi d&rsquo;\u0153ufs<\/figcaption><\/figure><\/div>\n\n\n\n<div class=\"wp-block-image\"><figure class=\"aligncenter size-large is-resized\"><img loading=\"lazy\" src=\"http:\/\/amphibiantails.fr\/wp-content\/uploads\/2020\/06\/img_9131.jpg\" alt=\"\" class=\"wp-image-235\" width=\"587\" height=\"301\" srcset=\"https:\/\/amphibiantails.fr\/wp-content\/uploads\/2020\/06\/img_9131.jpg 663w, https:\/\/amphibiantails.fr\/wp-content\/uploads\/2020\/06\/img_9131-300x154.jpg 300w\" sizes=\"(max-width: 587px) 100vw, 587px\" \/><figcaption>Une femelle ayant des malformations au niveau de la t\u00eate et pr\u00e9sentant 3 doigts \u00e0 chaque patte<\/figcaption><\/figure><\/div>\n\n\n\n<p>\u00c9tant donn\u00e9 que les parents \u00e9taient tous fr\u00e8res et s\u0153urs et que mes individus m\u00e9laniques aussi, j&rsquo;en ai d\u00e9duis que ces malformations \u00e9taient certainement li\u00e9e \u00e0 de la consanguinit\u00e9, j&rsquo;ai donc entrepris d&rsquo;apporter du sang neuf pour \u00e9viter que la souche ne d\u00e9g\u00e9n\u00e8re. J&rsquo;ai r\u00e9ussi \u00e0 me procurer 2 m\u00e2les et 3 femelles classiques et j&rsquo;ai fait plusieurs croisements entre individus m\u00e9laniques sans malformations et classiques de mani\u00e8re contr\u00f4l\u00e9e pour obtenir plusieurs groupes de juv\u00e9niles porteurs du m\u00e9lanisme.<\/p>\n\n\n\n<div class=\"wp-block-image\"><figure class=\"aligncenter size-large\"><img loading=\"lazy\" width=\"900\" height=\"250\" src=\"http:\/\/amphibiantails.fr\/wp-content\/uploads\/2020\/06\/img_0613.jpg\" alt=\"\" class=\"wp-image-236\" srcset=\"https:\/\/amphibiantails.fr\/wp-content\/uploads\/2020\/06\/img_0613.jpg 900w, https:\/\/amphibiantails.fr\/wp-content\/uploads\/2020\/06\/img_0613-300x83.jpg 300w, https:\/\/amphibiantails.fr\/wp-content\/uploads\/2020\/06\/img_0613-768x213.jpg 768w\" sizes=\"(max-width: 900px) 100vw, 900px\" \/><figcaption>Quelques juv\u00e9niles porteurs du m\u00e9lanisme<\/figcaption><\/figure><\/div>\n\n\n\n<p>Pour ceux qui s&rsquo;y connaissent un peu en g\u00e9n\u00e9tique, il s&rsquo;agit d&rsquo;un g\u00e8ne r\u00e9cessif donc tous les porteurs m\u00e9laniques ont une coloration classique.<\/p>\n\n\n\n<div class=\"wp-block-image\"><figure class=\"aligncenter size-full\"><img loading=\"lazy\" width=\"900\" height=\"527\" src=\"http:\/\/amphibiantails.fr\/wp-content\/uploads\/2020\/06\/img_0815-2.jpg\" alt=\"\" class=\"wp-image-244\" srcset=\"https:\/\/amphibiantails.fr\/wp-content\/uploads\/2020\/06\/img_0815-2.jpg 900w, https:\/\/amphibiantails.fr\/wp-content\/uploads\/2020\/06\/img_0815-2-300x176.jpg 300w, https:\/\/amphibiantails.fr\/wp-content\/uploads\/2020\/06\/img_0815-2-768x450.jpg 768w\" sizes=\"(max-width: 900px) 100vw, 900px\" \/><figcaption>Un jeune m\u00e2le lui aussi porteur m\u00e9lanique<\/figcaption><\/figure><\/div>\n\n\n\n<p>Apr\u00e8s 3 ans, certains jeunes issus de mes croisements ont atteint la maturit\u00e9 sexuelle. Je les aient mis avec un m\u00e2le et 2 femelles m\u00e9laniques sans malformations dans des aquariums s\u00e9par\u00e9s pour avoir 50% de petits m\u00e9laniques en 2020. Ils ont des liens du type \u00aboncle-ni\u00e8ce\u00bb et \u00abtante-neveu\u00bb, ils sont donc quand m\u00eame encore consanguins mais moins que si j&rsquo;avais reproduis mes m\u00e9laniques entre-eux. Pour le moment, je n&rsquo;ai pas observ\u00e9 des malformations importantes, j&rsquo;en ai un peu plus qu&rsquo;en faisant les croisement pour avoir des porteurs m\u00e9laniques (sans consanguinit\u00e9) mais cela reste raisonnable.<\/p>\n\n\n\n\n\n<p><\/p>\n","protected":false},"excerpt":{"rendered":"<p>Il s&rsquo;agit de la premi\u00e8re mutation clairement identifi\u00e9e qui modifie la pigmentation chez cette esp\u00e8ce. Le m\u00e9lanisme correspond \u00e0 une pr\u00e9sence anormale d&rsquo;une grande quantit\u00e9 de pigments noirs. C&rsquo;est une anomalie assez courante que l&rsquo;on retrouve chez beaucoup d&rsquo;esp\u00e8ces, la plus connue est la panth\u00e8re noire. Les premiers animaux m\u00e9laniques d\u00e9couverts datent de 2011. Il [&hellip;]<\/p>\n","protected":false},"author":1,"featured_media":0,"parent":0,"menu_order":0,"comment_status":"closed","ping_status":"closed","template":"","meta":[],"_links":{"self":[{"href":"https:\/\/amphibiantails.fr\/index.php?rest_route=\/wp\/v2\/pages\/73"}],"collection":[{"href":"https:\/\/amphibiantails.fr\/index.php?rest_route=\/wp\/v2\/pages"}],"about":[{"href":"https:\/\/amphibiantails.fr\/index.php?rest_route=\/wp\/v2\/types\/page"}],"author":[{"embeddable":true,"href":"https:\/\/amphibiantails.fr\/index.php?rest_route=\/wp\/v2\/users\/1"}],"replies":[{"embeddable":true,"href":"https:\/\/amphibiantails.fr\/index.php?rest_route=%2Fwp%2Fv2%2Fcomments&post=73"}],"version-history":[{"count":7,"href":"https:\/\/amphibiantails.fr\/index.php?rest_route=\/wp\/v2\/pages\/73\/revisions"}],"predecessor-version":[{"id":543,"href":"https:\/\/amphibiantails.fr\/index.php?rest_route=\/wp\/v2\/pages\/73\/revisions\/543"}],"wp:attachment":[{"href":"https:\/\/amphibiantails.fr\/index.php?rest_route=%2Fwp%2Fv2%2Fmedia&parent=73"}],"curies":[{"name":"wp","href":"https:\/\/api.w.org\/{rel}","templated":true}]}}