{"id":76,"date":"2020-05-30T16:15:58","date_gmt":"2020-05-30T14:15:58","guid":{"rendered":"http:\/\/amphibiantails.fr\/?page_id=76"},"modified":"2022-05-04T22:21:06","modified_gmt":"2022-05-04T20:21:06","slug":"description","status":"publish","type":"page","link":"https:\/\/amphibiantails.fr\/?page_id=76","title":{"rendered":"Description"},"content":{"rendered":"\n<p> <strong><span style=\"color:#840167\" class=\"has-inline-color\">oooOOO Conc<\/span><span style=\"color:#a3007f\" class=\"has-inline-color\">ours pour pouvoir acheter un de mes axolots Bordelais OOOooo<\/span><\/strong><\/p>\n\n\n\n<p><strong>Mais pourquoi faire une s\u00e9lection par un concours pour acheter un axolotl ?<\/strong><\/p>\n\n\n\n<p>\u00c9tant donn\u00e9 la raret\u00e9 de certains des animaux que je propose, je dois s\u00e9lectionner des personnes. J\u2019aurais pu faire cette s\u00e9lection sur la base de l\u2019argent mais ce n\u2019est pas vraiment dans ma mentalit\u00e9. Le probl\u00e8me, c\u2019est qu\u2019elle exclue des personnes comp\u00e9tentes qui ne sont pas forc\u00e9ment fortun\u00e9es. Ce que l\u2019on observe aussi, c\u2019est le copinage. Ce n\u2019est pas forc\u00e9ment la bonne solution, en effet, on se retrouve parfois avec de dr\u00f4les de surprises lorsque la personne a obtenu son animal et ne donne plus de signes de vie.<\/p>\n\n\n\n<p>J\u2019ai donc pens\u00e9 \u00e0 une autre solution, qui est la s\u00e9lection par la connaissance afin que tout le monde puisse tenter sa chance et qui permettra, je l\u2019esp\u00e8re, de mettre en valeur les personnes qui sont comp\u00e9tentes.<\/p>\n\n\n\n<p>N.B.\u00a0: Une personne comp\u00e9tente ne signifie pas une personne qui a des axolotls depuis 5 ou 10 ans, cela ne veux pas dire grand-chose. Il existe des personnes qui en ont depuis des ann\u00e9es et ce n&rsquo;est pas pour autant que l&rsquo;on peut les consid\u00e9rer comme telles.<\/p>\n\n\n\n<p><strong>Comment se d\u00e9roule le concours&nbsp;?<\/strong><\/p>\n\n\n\n<p class=\"has-dark-gray-color has-text-color\">Il consiste en un questionnaire de 35 questions \u00e0 faire en 16 min. Vos r\u00e9ponses sont envoy\u00e9es automatiquement au bout des 16 minutes. <\/p>\n\n\n\n<p class=\"has-text-color\" style=\"color:#a20003\">Il faut le r\u00e9aliser sur un ORDINATEUR et non sur un t\u00e9l\u00e9phone portable sinon cela ne marchera pas. <\/p>\n\n\n\n<p class=\"has-dark-gray-color has-text-color\">Attention, il n&rsquo;est pas simple et vous n\u2019aurez droit qu\u2019\u00e0 une seule tentative. Je vous conseille vivement de r\u00e9viser vos connaissances sur Axolotl-Passion, le site sur lequel je me suis bas\u00e9e.<\/p>\n\n\n\n<p>Au programme, param\u00e8tres de l&rsquo;eau, mat\u00e9riel (aquarium, cachette, etc), sant\u00e9 ou encore l\u00e9gislation (rubrique \u00ab&nbsp;\u00eatre en r\u00e8gle avec la loi&nbsp;\u00bb). Je ne vous poserai pas de questions sur l&rsquo;histoire de l&rsquo;axolotl, la reproduction ou les couleurs. Je me fiche que vous connaissiez le pays d&rsquo;origine de l&rsquo;axolotl, je veux savoir si vous vous occupez correctement de vos animaux.<\/p>\n\n\n\n<p>Le meilleur aura le droit d&rsquo;acheter l&rsquo;axolotl ou un des axolotls dont fait l&rsquo;objet le concours.<\/p>\n\n\n\n<p>Le questionnaire sera ouvert du [] au [] . Vous pouvez me contacter avant et pendant la date d\u2019ouverture du test pour participer. N\u2019h\u00e9sitez pas aussi \u00e0 me poser des questions si vous en avez.<\/p>\n\n\n\n<p><strong>Comment participer&nbsp;?<\/strong><\/p>\n\n\n\n<p>Vous pouvez vous rendre dans la rubrique contact du site pour me contacter directement\u2192<strong><a href=\"https:\/\/amphibiantails.fr\/?page_id=77\"> ici<\/a><\/strong><\/p>\n\n\n\n<p>J\u2019aurai besoin de votre nom, votre pr\u00e9nom, un pseudo et votre adresse mail. Je vous donnerai un identifiant et un mot de passe qui vous permettront de vous authentifier sur la plateforme o\u00f9 se trouve le test.<\/p>\n\n\n\n<p><strong>Comment \u00e7a se passe apr\u00e8s le test&nbsp;?<\/strong><\/p>\n\n\n\n<p>A la fin de la date d\u2019ouverture du test, je vous enverrai la note que vous avez obtenu par mail et je vous dirai si c\u2019est assez pour pouvoir adopter un de mes animaux.<\/p>\n\n\n\n<p>Nous pourrons alors \u00e9changer des d\u00e9tails plus pratiques comme le transport. Je suis de Bordeaux mais je me d\u00e9place r\u00e9guli\u00e8rement sur Narbonne et je peux faire escale par Toulouse ou sur le chemin.<\/p>\n\n\n\n<p>Good Luck ! Que le meilleur gagne!<\/p>\n","protected":false},"excerpt":{"rendered":"<p>oooOOO Concours pour pouvoir acheter un de mes axolots Bordelais OOOooo Mais pourquoi faire une s\u00e9lection par un concours pour acheter un axolotl ? \u00c9tant donn\u00e9 la raret\u00e9 de certains des animaux que je propose, je dois s\u00e9lectionner des personnes. J\u2019aurais pu faire cette s\u00e9lection sur la base de l\u2019argent mais ce n\u2019est pas vraiment [&hellip;]<\/p>\n","protected":false},"author":1,"featured_media":0,"parent":0,"menu_order":0,"comment_status":"closed","ping_status":"closed","template":"","meta":[],"_links":{"self":[{"href":"https:\/\/amphibiantails.fr\/index.php?rest_route=\/wp\/v2\/pages\/76"}],"collection":[{"href":"https:\/\/amphibiantails.fr\/index.php?rest_route=\/wp\/v2\/pages"}],"about":[{"href":"https:\/\/amphibiantails.fr\/index.php?rest_route=\/wp\/v2\/types\/page"}],"author":[{"embeddable":true,"href":"https:\/\/amphibiantails.fr\/index.php?rest_route=\/wp\/v2\/users\/1"}],"replies":[{"embeddable":true,"href":"https:\/\/amphibiantails.fr\/index.php?rest_route=%2Fwp%2Fv2%2Fcomments&post=76"}],"version-history":[{"count":31,"href":"https:\/\/amphibiantails.fr\/index.php?rest_route=\/wp\/v2\/pages\/76\/revisions"}],"predecessor-version":[{"id":538,"href":"https:\/\/amphibiantails.fr\/index.php?rest_route=\/wp\/v2\/pages\/76\/revisions\/538"}],"wp:attachment":[{"href":"https:\/\/amphibiantails.fr\/index.php?rest_route=%2Fwp%2Fv2%2Fmedia&parent=76"}],"curies":[{"name":"wp","href":"https:\/\/api.w.org\/{rel}","templated":true}]}}