{"id":77,"date":"2020-05-30T16:15:58","date_gmt":"2020-05-30T14:15:58","guid":{"rendered":"http:\/\/amphibiantails.fr\/?page_id=77"},"modified":"2022-02-01T15:34:58","modified_gmt":"2022-02-01T14:34:58","slug":"inscription","status":"publish","type":"page","link":"https:\/\/amphibiantails.fr\/?page_id=77","title":{"rendered":"Inscription"},"content":{"rendered":"\n<p>La validation de l&rsquo;inscription n&rsquo;est pas automatique. Je fais votre inscription manuellement donc vous ne recevrez pas dans la minute vos codes. Je le fais une fois par jour.<\/p>\n\n\n\n<p>Suite \u00e0 un signalement, pensez \u00e9galement \u00e0 regarder vos spams au cas o\u00f9 le mail avec vos codes y aurait atterri. Sinon, si vous n&rsquo;avez rien re\u00e7u sous 48h, n&rsquo;h\u00e9sitez pas \u00e0 me contacter via <a rel=\"noreferrer noopener\" href=\"https:\/\/www.facebook.com\/chatoune.belmonte\" target=\"_blank\">Facebook<\/a> ou par mail (amphibian (at) amphibiantails.fr). <\/p>\n\n\n\n<div role=\"form\" class=\"wpcf7\" id=\"wpcf7-f103-o1\" lang=\"fr-FR\" dir=\"ltr\">\n<div class=\"screen-reader-response\" aria-live=\"polite\"><\/div>\n<form action=\"\/index.php?rest_route=%2Fwp%2Fv2%2Fpages%2F77#wpcf7-f103-o1\" method=\"post\" class=\"wpcf7-form\" novalidate=\"novalidate\">\n<div style=\"display: none;\">\n<input type=\"hidden\" name=\"_wpcf7\" value=\"103\" \/>\n<input type=\"hidden\" name=\"_wpcf7_version\" value=\"5.1.9\" \/>\n<input type=\"hidden\" name=\"_wpcf7_locale\" value=\"fr_FR\" \/>\n<input type=\"hidden\" name=\"_wpcf7_unit_tag\" value=\"wpcf7-f103-o1\" \/>\n<input type=\"hidden\" name=\"_wpcf7_container_post\" value=\"0\" \/>\n<input type=\"hidden\" name=\"_wpcf7cf_hidden_group_fields\" value=\"\" \/>\n<input type=\"hidden\" name=\"_wpcf7cf_hidden_groups\" value=\"\" \/>\n<input type=\"hidden\" name=\"_wpcf7cf_visible_groups\" value=\"\" \/>\n<input type=\"hidden\" name=\"_wpcf7cf_repeaters\" value=\"[]\" \/>\n<input type=\"hidden\" name=\"_wpcf7cf_steps\" value=\"{}\" \/>\n<input type=\"hidden\" name=\"_wpcf7cf_options\" value=\"{&quot;form_id&quot;:103,&quot;conditions&quot;:[],&quot;settings&quot;:{&quot;animation&quot;:&quot;yes&quot;,&quot;animation_intime&quot;:200,&quot;animation_outtime&quot;:200,&quot;notice_dismissed&quot;:false}}\" \/>\n<\/div>\n<p><label> Votre Nom*<br \/>\n    <span class=\"wpcf7-form-control-wrap your-lastname\"><input type=\"text\" name=\"your-lastname\" value=\"\" size=\"40\" class=\"wpcf7-form-control wpcf7-text wpcf7-validates-as-required\" aria-required=\"true\" aria-invalid=\"false\" \/><\/span><br \/>\n<\/label><br \/>\n<label> Votre Pr\u00e9nom*<br \/>\n    <span class=\"wpcf7-form-control-wrap your-firstname\"><input type=\"text\" name=\"your-firstname\" value=\"\" size=\"40\" class=\"wpcf7-form-control wpcf7-text wpcf7-validates-as-required\" aria-required=\"true\" aria-invalid=\"false\" \/><\/span><br \/>\n<\/label><br \/>\n<label> Votre Pseudo*<br \/>\n    <span class=\"wpcf7-form-control-wrap your-pseudo\"><input type=\"text\" name=\"your-pseudo\" value=\"\" size=\"40\" class=\"wpcf7-form-control wpcf7-text wpcf7-validates-as-required\" aria-required=\"true\" aria-invalid=\"false\" \/><\/span><br \/>\n<\/label><br \/>\n<label> Votre Email*<br \/>\n    <span class=\"wpcf7-form-control-wrap your-email\"><input type=\"email\" name=\"your-email\" value=\"\" size=\"40\" class=\"wpcf7-form-control wpcf7-text wpcf7-email wpcf7-validates-as-required wpcf7-validates-as-email\" aria-required=\"true\" aria-invalid=\"false\" \/><\/span><br \/>\n<\/label><\/p>\n<p><label> Les champs avec un * sont obligatoires <\/label><\/p>\n<p><input type=\"submit\" value=\"Envoyer\" class=\"wpcf7-form-control wpcf7-submit\" \/><\/p>\n<div class=\"wpcf7-response-output wpcf7-display-none\" aria-hidden=\"true\"><\/div><\/form><\/div>\n","protected":false},"excerpt":{"rendered":"<p>La validation de l&rsquo;inscription n&rsquo;est pas automatique. Je fais votre inscription manuellement donc vous ne recevrez pas dans la minute vos codes. Je le fais une fois par jour. Suite \u00e0 un signalement, pensez \u00e9galement \u00e0 regarder vos spams au cas o\u00f9 le mail avec vos codes y aurait atterri. Sinon, si vous n&rsquo;avez rien [&hellip;]<\/p>\n","protected":false},"author":1,"featured_media":0,"parent":0,"menu_order":0,"comment_status":"closed","ping_status":"closed","template":"","meta":[],"_links":{"self":[{"href":"https:\/\/amphibiantails.fr\/index.php?rest_route=\/wp\/v2\/pages\/77"}],"collection":[{"href":"https:\/\/amphibiantails.fr\/index.php?rest_route=\/wp\/v2\/pages"}],"about":[{"href":"https:\/\/amphibiantails.fr\/index.php?rest_route=\/wp\/v2\/types\/page"}],"author":[{"embeddable":true,"href":"https:\/\/amphibiantails.fr\/index.php?rest_route=\/wp\/v2\/users\/1"}],"replies":[{"embeddable":true,"href":"https:\/\/amphibiantails.fr\/index.php?rest_route=%2Fwp%2Fv2%2Fcomments&post=77"}],"version-history":[{"count":7,"href":"https:\/\/amphibiantails.fr\/index.php?rest_route=\/wp\/v2\/pages\/77\/revisions"}],"predecessor-version":[{"id":510,"href":"https:\/\/amphibiantails.fr\/index.php?rest_route=\/wp\/v2\/pages\/77\/revisions\/510"}],"wp:attachment":[{"href":"https:\/\/amphibiantails.fr\/index.php?rest_route=%2Fwp%2Fv2%2Fmedia&parent=77"}],"curies":[{"name":"wp","href":"https:\/\/api.w.org\/{rel}","templated":true}]}}